{"id":485,"date":"2018-06-07T10:27:29","date_gmt":"2018-06-07T10:27:29","guid":{"rendered":"http:\/\/malagaestetica.es\/consejos\/?page_id=485"},"modified":"2020-01-18T23:11:41","modified_gmt":"2020-01-18T23:11:41","slug":"politica-de-privacidad","status":"publish","type":"page","link":"https:\/\/malagaestetica.es\/consejos\/politica-de-privacidad\/","title":{"rendered":"Pol\u00edtica de privacidad y uso de cookies"},"content":{"rendered":"<p>&nbsp;<\/p>\n<h2><span id=\"-aviso-legal-y-condiciones-de-uso\">\u2696 Aviso legal y condiciones de uso<\/span><\/h2>\n<p><strong>De acuerdo con el art\u00edculo 10 de la Ley 34\/2002, de 11 de julio, de Servicios de la Sociedad de la Informaci\u00f3n y de Comercio Electr\u00f3nico ponemos a su disposici\u00f3n los siguientes datos:<\/strong><\/p>\n<p>En la web <span style=\"background-color: #ffff00;\">malagaestetica.es <\/span><strong>h<\/strong>ay una serie<strong>Ley Org\u00e1nica <\/strong>ci\u00f3n relacionada con el mundo de la est\u00e9tica y belleza <span style=\"background-color: #ccffff;\">personal<strong>.<\/strong><\/span><\/p>\n<p><strong>Su principal objetivo<\/strong> es facilitar a los clientes y al p\u00fablico en general, la informaci\u00f3n relativa a la empresa, a los productos y servicios que se ofrecen a la vez de divulgar contenidos que puedan ser de inter\u00e9s para el usuario.<\/p>\n<h4>POL\u00cdTICA DE PRIVACIDAD<\/h4>\n<p><img data-recalc-dims=\"1\" loading=\"lazy\" decoding=\"async\" data-attachment-id=\"583\" data-permalink=\"https:\/\/malagaestetica.es\/consejos\/ofertas-para-este-verano-2022\/poster-verano1-1\/\" data-orig-file=\"https:\/\/i0.wp.com\/malagaestetica.es\/consejos\/wp-content\/uploads\/2022\/06\/poster-verano1-1.png?fit=200%2C254&amp;ssl=1\" data-orig-size=\"200,254\" data-comments-opened=\"0\" data-image-meta=\"{&quot;aperture&quot;:&quot;0&quot;,&quot;credit&quot;:&quot;&quot;,&quot;camera&quot;:&quot;&quot;,&quot;caption&quot;:&quot;&quot;,&quot;created_timestamp&quot;:&quot;0&quot;,&quot;copyright&quot;:&quot;&quot;,&quot;focal_length&quot;:&quot;0&quot;,&quot;iso&quot;:&quot;0&quot;,&quot;shutter_speed&quot;:&quot;0&quot;,&quot;title&quot;:&quot;&quot;,&quot;orientation&quot;:&quot;0&quot;}\" data-image-title=\"poster-verano1-1\" data-image-description=\"\" data-image-caption=\"\" data-large-file=\"https:\/\/i0.wp.com\/malagaestetica.es\/consejos\/wp-content\/uploads\/2022\/06\/poster-verano1-1.png?fit=200%2C254&amp;ssl=1\" class=\"alignright size-full wp-image-583\" src=\"https:\/\/i0.wp.com\/www.legislacioninternet.com\/wp-content\/uploads\/2014\/09\/Blog-legislacion11.jpg?resize=300%2C293\" alt=\"Ejemplo aviso legal\" width=\"300\" height=\"293\" \/>En cumplimiento de lo dispuesto en <strong>la <\/strong><\/p>\n<p><strong>15\/1999, de 13 de Diciembre, de Protecci\u00f3n de Datos de Car\u00e1cter Personal (LOPD) <\/strong>se informa al usuario que todos los datos que nos proporcione ser\u00e1n incorporados a un fichero, creado y mantenido bajo la responsabilidad de (nombre de la empresa)<\/p>\n<p>No guardamos datos personales de ning\u00fan usuario, por lo que<strong> no<\/strong> posibilita el remitir informaci\u00f3n t\u00e9cnica, comercial o publicitaria por v\u00eda ordinaria o electr\u00f3nica.<\/p>\n<h4>CONDICIONES DE USO<\/h4>\n<p><strong>Las condiciones de acceso y uso del presente sitio web se rigen por la legalidad vigente y por el principio de buena fe<\/strong> comprometi\u00e9ndose el usuario a realizar un buen uso de la web. No se permiten conductas que vayan contra la ley, los derechos o intereses de terceros.<\/p>\n<p>Ser usuario de la web de <span style=\"color: #ff0000;\"><strong>malagaestetica.es<\/strong><\/span> implica que reconoce haber le\u00eddo y aceptado las presentes condiciones y lo que las extienda la normativa legal aplicable en esta materia. Si por el motivo que fuere no est\u00e1 de acuerdo con estas condiciones no contin\u00fae usando esta web.<\/p>\n<p><strong>Cualquier tipo de notificaci\u00f3n y\/o reclamaci\u00f3n solamente ser\u00e1 v\u00e1lida por notificaci\u00f3n escrita y\/o correo certificado.<\/strong><\/p>\n<h4>RESPONSABILIDADES<\/h4>\n<p>Teniendo en cuenta los art. 11 y 16 de la LSSI-CE, malagaestetica.es<strong> se compromete a la retirada o en su caso bloqueo de aquellos contenidos que pudieran afectar o contravenir la legislaci\u00f3n nacional o internacional<\/strong>, derechos de terceros o la moral y el orden p\u00fablico.<\/p>\n<p>As\u00ed mismo, <strong><span style=\"color: #ff0000;\">malagaestetica.es<\/span><\/strong> <strong>se reserva el derecho a actualizar, modificar o eliminar la informaci\u00f3n contenida en su p\u00e1gina web<\/strong>, as\u00ed como la configuraci\u00f3n o presentaci\u00f3n del mismo, en cualquier momento sin asumir alguna responsabilidad por ello.<\/p>\n<p>Le comunicamos que cualquier precio que pueda ver en nuestra web ser\u00e1 solamente orientativo. Si el usuario desea saber con exactitud el precio o si el producto en el momento actual cuenta con alguna oferta de la cual se puede beneficiar ha de contactar directamente con nosotros.<\/p>\n<h4>LEY APLICABLE Y JURISDICCI\u00d3N<\/h4>\n<p><strong>Las presentes condiciones generales se rigen por la legislaci\u00f3n espa\u00f1ola.<\/strong> Para cualquier litigio que pudiera surgir relacionado con el sitio web o la actividad que en \u00e9l se desarrolla ser\u00e1n competentes Juzgados de M\u00e1laga, renunciando expresamente el usuario a cualquier otro fuero que pudiera corresponderle.<\/p>\n<h4>POL\u00cdTICA DE COOKIES<\/h4>\n<p>malagaestetica.es <strong>por su propia cuenta o la de un tercero contratado para prestaci\u00f3n de servicios de medici\u00f3n, pueden utilizar cookies cuando el usuario navega por el sitio web. Las cookies son ficheros enviados al navegador por medio de un servicio web con la finalidad de registrar las actividades del usuario durante su tiempo de navegaci\u00f3n.<\/strong><\/p>\n<p>Las cookies utilizadas se asocian \u00fanicamente con un usuario an\u00f3nimo y su ordenador, y no proporcionan por s\u00ed mismas los datos personales del usuario.<\/p>\n<p><strong>Mediante el uso de las cookies resulta posible que el servidor donde se encuentra la web reconozca el navegador web utilizado por el usuario con la finalidad de que la navegaci\u00f3n sea m\u00e1s sencilla. <\/strong>Se utilizan tambi\u00e9n para medir la audiencia y par\u00e1metros del tr\u00e1fico, controlar el proceso y n\u00famero de entradas.<\/p>\n<p><strong>El usuario tiene la posibilidad de configurar su navegador para ser avisado de la recepci\u00f3n de cookies y para impedir su instalaci\u00f3n en su equipo.<\/strong> Por favor consulte las instrucciones y manuales de su navegador para ampliar esta informaci\u00f3n.<\/p>\n<p>Para utilizar el sitio web no es necesario que el usuario permita la instalaci\u00f3n de las cookies enviadas al sitio web, o el tercero que act\u00fae en su nombre, sin perjuicio de que sea necesario que el usuario inicie una sesi\u00f3n tal en cada uno de los servicios cuya prestaci\u00f3n requiera el previo registro.<\/p>\n<p>En todo caso <strong>las cookies tienen un car\u00e1cter temporal<\/strong> con la \u00fanica finalidad de hacer m\u00e1s eficaz su transmisi\u00f3n ulterior. En ning\u00fan caso se utilizar\u00e1 cookies para recoger informaci\u00f3n de car\u00e1cter personal.<\/p>\n","protected":false},"excerpt":{"rendered":"<div class=\"mh-excerpt\"><p>&nbsp; \u2696 Aviso legal y condiciones de uso De acuerdo con el art\u00edculo 10 de la Ley 34\/2002, de 11 de julio, de Servicios de <a class=\"mh-excerpt-more\" href=\"https:\/\/malagaestetica.es\/consejos\/politica-de-privacidad\/\" title=\"Pol\u00edtica de privacidad y uso de cookies\">[Seguir Leyendo&#8230;]<\/a><\/p>\n<\/div>","protected":false},"author":1,"featured_media":0,"parent":0,"menu_order":0,"comment_status":"closed","ping_status":"closed","template":"","meta":{"om_disable_all_campaigns":false,"_monsterinsights_skip_tracking":false,"_monsterinsights_sitenote_active":false,"_monsterinsights_sitenote_note":"","_monsterinsights_sitenote_category":0,"_uf_show_specific_survey":0,"_uf_disable_surveys":false,"jetpack_post_was_ever_published":false,"footnotes":""},"class_list":["post-485","page","type-page","status-publish","hentry"],"jetpack_sharing_enabled":true,"jetpack_shortlink":"https:\/\/wp.me\/P6VUI0-7P","jetpack-related-posts":[],"jetpack_likes_enabled":true,"_links":{"self":[{"href":"https:\/\/malagaestetica.es\/consejos\/wp-json\/wp\/v2\/pages\/485","targetHints":{"allow":["GET"]}}],"collection":[{"href":"https:\/\/malagaestetica.es\/consejos\/wp-json\/wp\/v2\/pages"}],"about":[{"href":"https:\/\/malagaestetica.es\/consejos\/wp-json\/wp\/v2\/types\/page"}],"author":[{"embeddable":true,"href":"https:\/\/malagaestetica.es\/consejos\/wp-json\/wp\/v2\/users\/1"}],"replies":[{"embeddable":true,"href":"https:\/\/malagaestetica.es\/consejos\/wp-json\/wp\/v2\/comments?post=485"}],"version-history":[{"count":3,"href":"https:\/\/malagaestetica.es\/consejos\/wp-json\/wp\/v2\/pages\/485\/revisions"}],"predecessor-version":[{"id":495,"href":"https:\/\/malagaestetica.es\/consejos\/wp-json\/wp\/v2\/pages\/485\/revisions\/495"}],"wp:attachment":[{"href":"https:\/\/malagaestetica.es\/consejos\/wp-json\/wp\/v2\/media?parent=485"}],"curies":[{"name":"wp","href":"https:\/\/api.w.org\/{rel}","templated":true}]}}