{"id":19,"date":"2015-11-09T20:49:18","date_gmt":"2015-11-09T20:49:18","guid":{"rendered":"http:\/\/malagaestetica.es\/consejos\/?page_id=19"},"modified":"2025-01-30T12:39:23","modified_gmt":"2025-01-30T12:39:23","slug":"estamos-en-avda-europa-63-%c2%b7-29003-malaga-%c2%b7-citas-952-35-27-16-whatsapp-608-620-519","status":"publish","type":"page","link":"https:\/\/malagaestetica.es\/consejos\/estamos-en-avda-europa-63-%c2%b7-29003-malaga-%c2%b7-citas-952-35-27-16-whatsapp-608-620-519\/","title":{"rendered":"P\u00e1gina Principal"},"content":{"rendered":"<p><a href=\"https:\/\/i0.wp.com\/malagaestetica.es\/consejos\/wp-content\/uploads\/2015\/11\/banner_140x22.jpg?ssl=1\"><img data-recalc-dims=\"1\" loading=\"lazy\" decoding=\"async\" data-attachment-id=\"21\" data-permalink=\"https:\/\/malagaestetica.es\/consejos\/estamos-en-avda-europa-63-%c2%b7-29003-malaga-%c2%b7-citas-952-35-27-16-whatsapp-608-620-519\/banner_140x22\/\" data-orig-file=\"https:\/\/i0.wp.com\/malagaestetica.es\/consejos\/wp-content\/uploads\/2015\/11\/banner_140x22.jpg?fit=5292%2C832&amp;ssl=1\" data-orig-size=\"5292,832\" data-comments-opened=\"0\" data-image-meta=\"{&quot;aperture&quot;:&quot;0&quot;,&quot;credit&quot;:&quot;Gonzalo Fuentes del Castillo&quot;,&quot;camera&quot;:&quot;&quot;,&quot;caption&quot;:&quot;&quot;,&quot;created_timestamp&quot;:&quot;0&quot;,&quot;copyright&quot;:&quot;&quot;,&quot;focal_length&quot;:&quot;0&quot;,&quot;iso&quot;:&quot;0&quot;,&quot;shutter_speed&quot;:&quot;0&quot;,&quot;title&quot;:&quot;&quot;,&quot;orientation&quot;:&quot;0&quot;}\" data-image-title=\"banner_140x22\" data-image-description=\"\" data-image-caption=\"\" data-large-file=\"https:\/\/i0.wp.com\/malagaestetica.es\/consejos\/wp-content\/uploads\/2015\/11\/banner_140x22.jpg?fit=1024%2C161&amp;ssl=1\" class=\"aligncenter wp-image-21 size-large\" src=\"https:\/\/i0.wp.com\/malagaestetica.es\/consejos\/wp-content\/uploads\/2015\/11\/banner_140x22.jpg?resize=940%2C148&#038;ssl=1\" alt=\"banner_140x22\" width=\"940\" height=\"148\" srcset=\"https:\/\/i0.wp.com\/malagaestetica.es\/consejos\/wp-content\/uploads\/2015\/11\/banner_140x22.jpg?resize=1024%2C161&amp;ssl=1 1024w, https:\/\/i0.wp.com\/malagaestetica.es\/consejos\/wp-content\/uploads\/2015\/11\/banner_140x22.jpg?resize=300%2C47&amp;ssl=1 300w, https:\/\/i0.wp.com\/malagaestetica.es\/consejos\/wp-content\/uploads\/2015\/11\/banner_140x22.jpg?resize=940%2C148&amp;ssl=1 940w, https:\/\/i0.wp.com\/malagaestetica.es\/consejos\/wp-content\/uploads\/2015\/11\/banner_140x22.jpg?w=2000&amp;ssl=1 2000w, https:\/\/i0.wp.com\/malagaestetica.es\/consejos\/wp-content\/uploads\/2015\/11\/banner_140x22.jpg?w=3000&amp;ssl=1 3000w\" sizes=\"auto, (max-width: 940px) 100vw, 940px\" \/><\/a><\/p>\n<p>En esta p\u00e1gina podr\u00e1s acceder a nuestros consejos de belleza, informaci\u00f3n detallada sobre algunos de nuestros tratamientos y productos cosm\u00e9ticos.<\/p>\n<div class=\"flexslider ewic-slider-lite is_on_\" id=\"ewic-con-856a01d88fefb53\"><style>#ewic-con-856a01d88fefb53 .flex-direction-nav .flex-next, #ewic-con-856a01d88fefb53 .flex-direction-nav .flex-prev {opacity: 1;} #ewic-con-856a01d88fefb53 .flex-direction-nav .flex-next {right: 10px !important; text-align: right !important;} #ewic-con-856a01d88fefb53 .flex-direction-nav .flex-prev {left: 10px !important;}<\/style><div id=\"preloader-856a01d88fefb53\" class=\"sliderpreloader\"><\/div><ul style=\"display:none;\" class=\"slides flexslider-856a01d88fefb53\"><li class=\"ewic-slider\"><a href=\"https:\/\/i0.wp.com\/malagaestetica.es\/consejos\/wp-content\/uploads\/2015\/11\/slider011.jpg?fit=986%2C339&#038;ssl=1\"  rel=\"ewicprettyPhoto[856a01d88fefb53]\"><img decoding=\"async\"  class=\"ewic-wid-imgs\" src=\"https:\/\/i0.wp.com\/malagaestetica.es\/consejos\/wp-content\/uploads\/2015\/11\/slider011.jpg?fit=986%2C339&#038;ssl=1\" \/><p class=\"flex-caption\"><\/p><\/a><\/li><li class=\"ewic-slider\"><a href=\"https:\/\/i0.wp.com\/malagaestetica.es\/consejos\/wp-content\/uploads\/2015\/11\/slider02.jpg?fit=986%2C339&#038;ssl=1\"  rel=\"ewicprettyPhoto[856a01d88fefb53]\"><img decoding=\"async\"  class=\"ewic-wid-imgs\" src=\"https:\/\/i0.wp.com\/malagaestetica.es\/consejos\/wp-content\/uploads\/2015\/11\/slider02.jpg?fit=986%2C339&#038;ssl=1\" \/><p class=\"flex-caption\"><\/p><\/a><\/li><li class=\"ewic-slider\"><a href=\"https:\/\/i0.wp.com\/malagaestetica.es\/consejos\/wp-content\/uploads\/2015\/11\/slider03.jpg?fit=986%2C339&#038;ssl=1\"  rel=\"ewicprettyPhoto[856a01d88fefb53]\"><img decoding=\"async\"  class=\"ewic-wid-imgs\" src=\"https:\/\/i0.wp.com\/malagaestetica.es\/consejos\/wp-content\/uploads\/2015\/11\/slider03.jpg?fit=986%2C339&#038;ssl=1\" \/><p class=\"flex-caption\"><\/p><\/a><\/li><li class=\"ewic-slider\"><a href=\"https:\/\/i0.wp.com\/malagaestetica.es\/consejos\/wp-content\/uploads\/2015\/11\/slider04.jpg?fit=986%2C339&#038;ssl=1\"  rel=\"ewicprettyPhoto[856a01d88fefb53]\"><img decoding=\"async\"  class=\"ewic-wid-imgs\" src=\"https:\/\/i0.wp.com\/malagaestetica.es\/consejos\/wp-content\/uploads\/2015\/11\/slider04.jpg?fit=986%2C339&#038;ssl=1\" \/><p class=\"flex-caption\"><\/p><\/a><\/li><li class=\"ewic-slider\"><a href=\"https:\/\/i0.wp.com\/malagaestetica.es\/consejos\/wp-content\/uploads\/2015\/11\/slider052.jpg?fit=986%2C339&#038;ssl=1\"  rel=\"ewicprettyPhoto[856a01d88fefb53]\"><img decoding=\"async\"  class=\"ewic-wid-imgs\" src=\"https:\/\/i0.wp.com\/malagaestetica.es\/consejos\/wp-content\/uploads\/2015\/11\/slider052.jpg?fit=986%2C339&#038;ssl=1\" \/><p class=\"flex-caption\"><\/p><\/a><\/li><\/ul><script type=\"text\/javascript\">\r\n\tjQuery(document).ready(function($) {\r\n\r\n\t\t$(\"#preloader-856a01d88fefb53\").fadeOut(500, function () {\r\n\r\n\t\t\t$(\"#ewic-con-856a01d88fefb53\").addClass(\"ready_to_show\");\r\n\r\n\t\t\t$(\"a[rel^='ewicprettyPhoto[856a01d88fefb53]']\").ewcPhoto({\r\n\t\t\t\ttheme: \"ewc_default\",\r\n\t\t\t\tallow_expand: false,\r\n\t\t\t\tdeeplinking: false,\r\n\t\t\t\tslideshow:5000,\r\n\t\t\t\tautoplay_slideshow:true,\r\n\t\t\t\tsocial_tools:false\r\n\t\t\t});\r\n\r\n\t\t\t$(\".flexslider-856a01d88fefb53\").fadeIn(300);\r\n\r\n\t\t\t$(\"#ewic-con-856a01d88fefb53\").flexslider({\r\n\t\t\t\tanimation: \"slide\",\r\n\t\t\t\tanimationSpeed: 0,\r\n\t\t\t\tuseCSS: false,\r\n\t\t\t\teasing: \"easeInQuad\",\r\n\t\t\t\tdirection: \"horizontal\",\r\n\t\t\t\tslideshow: true,\r\n\t\t\t\tsmoothHeight: true,\r\n\t\t\t\tpauseOnHover: true,\r\n\t\t\t\tcontrolNav: false,\r\n\t\t\t\tprevText: \"\",\r\n\t\t\t\tnextText: \"\",\r\n\t\t\t\trtl: false,\r\n\t\t\t\tslideshowSpeed: 5000,\r\n\t\t\t\tstart: function(slider){\r\n\t\t\t\t\t$(\"#ewic-con-856a01d88fefb53\").find(\".flex-caption\").hide();\r\n\t\t\t\t\tvar curSlide = slider.find(\"li.flex-active-slide\");\r\n\t\t\t\t\t$(curSlide).find(\".flex-caption\").slideDown();\r\n\t\t\t\t},\r\n\t\t\t\tbefore: function(slider) {\r\n\t\t\t\t\t$(\"#ewic-con-856a01d88fefb53\").find(\".flex-caption\").slideUp();\r\n\t\t\t\t},\r\n\t\t\t\tafter: function(slider) {\r\n\t\t\t\t\tvar curSlide = slider.find(\"li.flex-active-slide\");\r\n\t\t\t\t\t$(curSlide).find(\".flex-caption\").slideDown();\r\n\t\t\t\t}\r\n\r\n\t\t\t});\r\n\r\n\t\t});\r\n\r\n\t});\r\n<\/script><\/div>\r\n\n<p style=\"text-align: center;\"><strong>Estamos en Avda. Europa, 63 \u00b7 29003~MALAGA.<\/strong><\/p>\n<p style=\"text-align: center;\"><strong>Tel\u00e9fono de contacto: 952 35 27 16<\/strong><\/p>\n<p style=\"text-align: center;\"><strong>@correo: contacto@malagaestetica.es<\/strong><\/p>\n<p style=\"text-align: center;\"><a href=\"https:\/\/i0.wp.com\/malagaestetica.es\/consejos\/wp-content\/uploads\/2015\/11\/slider051.jpg?ssl=1\"><img data-recalc-dims=\"1\" loading=\"lazy\" decoding=\"async\" data-attachment-id=\"96\" data-permalink=\"https:\/\/malagaestetica.es\/consejos\/estamos-en-avda-europa-63-%c2%b7-29003-malaga-%c2%b7-citas-952-35-27-16-whatsapp-608-620-519\/slider05-2\/\" data-orig-file=\"https:\/\/i0.wp.com\/malagaestetica.es\/consejos\/wp-content\/uploads\/2015\/11\/slider051.jpg?fit=986%2C339&amp;ssl=1\" data-orig-size=\"986,339\" data-comments-opened=\"0\" data-image-meta=\"{&quot;aperture&quot;:&quot;0&quot;,&quot;credit&quot;:&quot;&quot;,&quot;camera&quot;:&quot;&quot;,&quot;caption&quot;:&quot;&quot;,&quot;created_timestamp&quot;:&quot;0&quot;,&quot;copyright&quot;:&quot;&quot;,&quot;focal_length&quot;:&quot;0&quot;,&quot;iso&quot;:&quot;0&quot;,&quot;shutter_speed&quot;:&quot;0&quot;,&quot;title&quot;:&quot;&quot;,&quot;orientation&quot;:&quot;1&quot;}\" data-image-title=\"slider05\" data-image-description=\"\" data-image-caption=\"\" data-large-file=\"https:\/\/i0.wp.com\/malagaestetica.es\/consejos\/wp-content\/uploads\/2015\/11\/slider051.jpg?fit=986%2C339&amp;ssl=1\" class=\"alignnone size-medium wp-image-96\" src=\"https:\/\/i0.wp.com\/malagaestetica.es\/consejos\/wp-content\/uploads\/2015\/11\/slider051.jpg?resize=300%2C103&#038;ssl=1\" alt=\"slider05\" width=\"300\" height=\"103\" srcset=\"https:\/\/i0.wp.com\/malagaestetica.es\/consejos\/wp-content\/uploads\/2015\/11\/slider051.jpg?resize=300%2C103&amp;ssl=1 300w, https:\/\/i0.wp.com\/malagaestetica.es\/consejos\/wp-content\/uploads\/2015\/11\/slider051.jpg?w=986&amp;ssl=1 986w\" sizes=\"auto, (max-width: 300px) 100vw, 300px\" \/><\/a><\/p>\n","protected":false},"excerpt":{"rendered":"<div class=\"mh-excerpt\"><p>En esta p\u00e1gina podr\u00e1s acceder a nuestros consejos de belleza, informaci\u00f3n detallada sobre algunos de nuestros tratamientos y productos cosm\u00e9ticos. Estamos en Avda. Europa, 63 <a class=\"mh-excerpt-more\" href=\"https:\/\/malagaestetica.es\/consejos\/easyimagesldr\/estetica-maria-victoria-escalona\/\" title=\"Est\u00e9tica Mar\u00eda Victoria Escalona\">[Seguir Leyendo&#8230;]<\/a><\/p>\n<\/div>","protected":false},"author":1,"featured_media":0,"parent":0,"menu_order":0,"comment_status":"closed","ping_status":"closed","template":"","meta":{"om_disable_all_campaigns":false,"_monsterinsights_skip_tracking":false,"_monsterinsights_sitenote_active":false,"_monsterinsights_sitenote_note":"","_monsterinsights_sitenote_category":0,"_uf_show_specific_survey":0,"_uf_disable_surveys":false,"footnotes":""},"class_list":["post-19","page","type-page","status-publish","hentry"],"jetpack_sharing_enabled":true,"jetpack_shortlink":"https:\/\/wp.me\/P6VUI0-j","jetpack-related-posts":[],"jetpack_likes_enabled":true,"_links":{"self":[{"href":"https:\/\/malagaestetica.es\/consejos\/wp-json\/wp\/v2\/pages\/19","targetHints":{"allow":["GET"]}}],"collection":[{"href":"https:\/\/malagaestetica.es\/consejos\/wp-json\/wp\/v2\/pages"}],"about":[{"href":"https:\/\/malagaestetica.es\/consejos\/wp-json\/wp\/v2\/types\/page"}],"author":[{"embeddable":true,"href":"https:\/\/malagaestetica.es\/consejos\/wp-json\/wp\/v2\/users\/1"}],"replies":[{"embeddable":true,"href":"https:\/\/malagaestetica.es\/consejos\/wp-json\/wp\/v2\/comments?post=19"}],"version-history":[{"count":6,"href":"https:\/\/malagaestetica.es\/consejos\/wp-json\/wp\/v2\/pages\/19\/revisions"}],"predecessor-version":[{"id":106,"href":"https:\/\/malagaestetica.es\/consejos\/wp-json\/wp\/v2\/pages\/19\/revisions\/106"}],"wp:attachment":[{"href":"https:\/\/malagaestetica.es\/consejos\/wp-json\/wp\/v2\/media?parent=19"}],"curies":[{"name":"wp","href":"https:\/\/api.w.org\/{rel}","templated":true}]}}